{"id":48,"date":"2023-11-13T12:50:13","date_gmt":"2023-11-13T12:50:13","guid":{"rendered":"https:\/\/arivideoke.com.br\/2024\/?page_id=48"},"modified":"2023-11-13T17:04:14","modified_gmt":"2023-11-13T17:04:14","slug":"nossos-equipamentos","status":"publish","type":"page","link":"https:\/\/arivideoke.com.br\/2024\/nossos-equipamentos\/","title":{"rendered":"Nossos Equipamentos"},"content":{"rendered":"\n<h4 class=\"wp-block-heading\">Conhe\u00e7a nosso novo Equipamento VMP 2.5<\/h4>\n\n\n\n<figure class=\"wp-block-image\"><img decoding=\"async\" src=\"https:\/\/arivideoke.com.br\/2022\/wp-content\/uploads\/2023\/10\/videoke-vmp-2.5.jpg\" alt=\"\"\/><\/figure>\n\n\n\n<figure class=\"wp-block-image\"><img decoding=\"async\" src=\"https:\/\/arivideoke.com.br\/2022\/wp-content\/uploads\/2023\/10\/equipamento-vmp-2.5-768x1024.jpg\" alt=\"\"\/><\/figure>\n\n\n\n<p>Nossos equipamentos de VIDEOKE s\u00e3o de \u00faltima gera\u00e7\u00e3o. Temos a melhor op\u00e7\u00e3o de custo\/benef\u00edcio para fazer a sua festa mais animada, oferecendo qualidade em equipamentos e servi\u00e7os. Videok\u00ea Profissional: trabalhamos somente com os melhores modelos profissionais, sempre com os melhores recursos e facilidade de opera\u00e7\u00e3o. Som Profissional : Dispomos de diversas configura\u00e7\u00f5es de som para oferecer-lhe a melhor solu\u00e7\u00e3o para a sua festa ou evento. Alugamos equipamentos de Karaok\u00ea com acervo completo e tamb\u00e9m Tel\u00f5es, TV, FUMA\u00c7A E LUZES.<\/p>\n\n\n\n<figure class=\"wp-block-image\"><img decoding=\"async\" src=\"https:\/\/arivideoke.com.br\/2022\/wp-content\/uploads\/2022\/03\/alugar-videoke-1.jpg\" alt=\"\" class=\"wp-image-86\"\/><\/figure>\n\n\n\n<h2 class=\"wp-block-heading\">Videok\u00ea Modelo VSK 2.0<\/h2>\n\n\n\n<figure class=\"wp-block-image size-large\"><img fetchpriority=\"high\" decoding=\"async\" width=\"768\" height=\"1024\" src=\"https:\/\/arivideoke.com.br\/2024\/wp-content\/uploads\/2023\/11\/vsk-2.0-2-768x1024.jpg\" alt=\"\" class=\"wp-image-63\" srcset=\"https:\/\/arivideoke.com.br\/2024\/wp-content\/uploads\/2023\/11\/vsk-2.0-2-768x1024.jpg 768w, https:\/\/arivideoke.com.br\/2024\/wp-content\/uploads\/2023\/11\/vsk-2.0-2-225x300.jpg 225w, https:\/\/arivideoke.com.br\/2024\/wp-content\/uploads\/2023\/11\/vsk-2.0-2-1152x1536.jpg 1152w, https:\/\/arivideoke.com.br\/2024\/wp-content\/uploads\/2023\/11\/vsk-2.0-2.jpg 1200w\" sizes=\"(max-width: 768px) 100vw, 768px\" \/><\/figure>\n\n\n\n<p>Todos 02 microfones sem fio, 11593 m\u00fasicas com todos os \u00faltimos lan\u00e7amentos<\/p>\n\n\n\n<h2 class=\"wp-block-heading\">Videok\u00ea Top de linha Modelo VSK 3.0<\/h2>\n\n\n\n<figure class=\"wp-block-image size-full\"><img decoding=\"async\" width=\"540\" height=\"610\" src=\"https:\/\/arivideoke.com.br\/2024\/wp-content\/uploads\/2023\/10\/videokenovo.jpg\" alt=\"\" class=\"wp-image-15\" srcset=\"https:\/\/arivideoke.com.br\/2024\/wp-content\/uploads\/2023\/10\/videokenovo.jpg 540w, https:\/\/arivideoke.com.br\/2024\/wp-content\/uploads\/2023\/10\/videokenovo-266x300.jpg 266w\" sizes=\"(max-width: 540px) 100vw, 540px\" \/><\/figure>\n\n\n\n<p>Todos 02 microfones sem fio, 11593 m\u00fasicas com todos os \u00faltimos lan\u00e7amentos<\/p>\n\n\n\n<h2 class=\"wp-block-heading\">Videok\u00ea Pro 950 Sistema Digital Show<\/h2>\n\n\n\n<p>Todos acompanham dois microfones.<br>11593 m\u00fasicas atualizadas at\u00e9 o pacote 30 ( \u00fatlima vers\u00e3o)<\/p>\n\n\n\n<h2 class=\"wp-block-heading\">Modelo VSK 1.0<\/h2>\n\n\n\n<p>11593 m\u00fasicas atualizadas.<\/p>\n\n\n\n<h2 class=\"wp-block-heading\">Videok\u00ea VSK<\/h2>\n\n\n\n<p>Controle integrado no microfone.<\/p>\n\n\n\n<h2 class=\"wp-block-heading\">Luzes, Fuma\u00e7a, Strobo e outros.<\/h2>\n\n\n\n<figure class=\"wp-block-image\"><img decoding=\"async\" src=\"https:\/\/arivideoke.com.br\/2022\/wp-content\/uploads\/2022\/03\/fluido_para_maquina_de_fumaca_smoke_disco_dj_usa_liquids_5_litros_5741_2_2496fbed25423c308bef674799dbe153.webp\" alt=\"\" class=\"wp-image-94\"\/><\/figure>\n\n\n\n<p>S\u00e3o tantos os detalhes na hora de preparar uma festa de formatura que, \u00e0s vezes, deixamos de dar a devida aten\u00e7\u00e3o a cada um deles. A ilumina\u00e7\u00e3o \u00e9 um detalhe que n\u00e3o podem passar batido de jeito nenhum!<\/p>\n\n\n\n<p>Abaixo listamos alguns pontos de destaque que a ilumina\u00e7\u00e3o faz para decora\u00e7\u00e3o da sua festa.<\/p>\n\n\n\n<ul class=\"wp-block-list\">\n<li>Valoriza o ambiente: uma ilumina\u00e7\u00e3o bem planejada destaca ainda mais o que cada ambiente tem de melhor.<\/li>\n\n\n\n<li>Proporciona o clima desejado: Voc\u00ea prefere uma festa mais calma e delicada ou agitada e vibrante? Seja qual for a sua escolha, pode contar com um bom jogo de luzes e m\u00e1quina de fuma\u00e7a para ambientar o local escolhido para a comemora\u00e7\u00e3o.<\/li>\n\n\n\n<li>Comp\u00f5e a decora\u00e7\u00e3o: a ilumina\u00e7\u00e3o, quando utilizada da forma correta, destaca os pontos fortes da decora\u00e7\u00e3o, fazendo com que ela fique muito mais bonita.<\/li>\n\n\n\n<li>Favorece as fotos: al\u00e9m de deixar o plano de fundo das fotos mais charmoso, as luzes tamb\u00e9m interferem diretamente na qualidade das imagens.<\/li>\n<\/ul>\n\n\n\n<p>Viu s\u00f3 como a ilumina\u00e7\u00e3o faz toda a diferen\u00e7a? Ent\u00e3o n\u00e3o deixe de planejar esse detalhe t\u00e3o importante e tenha uma festa iluminada como esse dia deve ser! Consulte-nos sobre nossos equipamentos!<\/p>\n","protected":false},"excerpt":{"rendered":"<p>Conhe\u00e7a nosso novo Equipamento VMP 2.5 Nossos equipamentos de VIDEOKE s\u00e3o de \u00faltima gera\u00e7\u00e3o. Temos a melhor op\u00e7\u00e3o de custo\/benef\u00edcio para fazer a sua festa mais animada, oferecendo qualidade em equipamentos e servi\u00e7os. Videok\u00ea Profissional: trabalhamos somente com os melhores modelos profissionais, sempre com os melhores recursos e facilidade de opera\u00e7\u00e3o. Som Profissional : Dispomos [&hellip;]<\/p>\n","protected":false},"author":1,"featured_media":0,"parent":0,"menu_order":0,"comment_status":"closed","ping_status":"closed","template":"","meta":{"footnotes":""},"class_list":["post-48","page","type-page","status-publish","hentry"],"aioseo_notices":[],"_links":{"self":[{"href":"https:\/\/arivideoke.com.br\/2024\/wp-json\/wp\/v2\/pages\/48","targetHints":{"allow":["GET"]}}],"collection":[{"href":"https:\/\/arivideoke.com.br\/2024\/wp-json\/wp\/v2\/pages"}],"about":[{"href":"https:\/\/arivideoke.com.br\/2024\/wp-json\/wp\/v2\/types\/page"}],"author":[{"embeddable":true,"href":"https:\/\/arivideoke.com.br\/2024\/wp-json\/wp\/v2\/users\/1"}],"replies":[{"embeddable":true,"href":"https:\/\/arivideoke.com.br\/2024\/wp-json\/wp\/v2\/comments?post=48"}],"version-history":[{"count":2,"href":"https:\/\/arivideoke.com.br\/2024\/wp-json\/wp\/v2\/pages\/48\/revisions"}],"predecessor-version":[{"id":64,"href":"https:\/\/arivideoke.com.br\/2024\/wp-json\/wp\/v2\/pages\/48\/revisions\/64"}],"wp:attachment":[{"href":"https:\/\/arivideoke.com.br\/2024\/wp-json\/wp\/v2\/media?parent=48"}],"curies":[{"name":"wp","href":"https:\/\/api.w.org\/{rel}","templated":true}]}}