{"id":85,"date":"2022-03-09T22:31:35","date_gmt":"2022-03-09T22:31:35","guid":{"rendered":"https:\/\/arivideoke.com.br\/2022\/?page_id=85"},"modified":"2023-10-17T17:12:15","modified_gmt":"2023-10-17T17:12:15","slug":"locacao-de-videoke-tv-teloes-fumaca-e-luzes","status":"publish","type":"page","link":"https:\/\/arivideoke.com.br\/2022\/locacao-de-videoke-tv-teloes-fumaca-e-luzes\/","title":{"rendered":"Loca\u00e7\u00e3o de Videok\u00ea, TV, Tel\u00f5es, Fuma\u00e7a e Luzes."},"content":{"rendered":"\t\t<div data-elementor-type=\"wp-page\" data-elementor-id=\"85\" class=\"elementor elementor-85\" data-elementor-settings=\"[]\">\n\t\t\t\t\t\t\t<div class=\"elementor-section-wrap\">\n\t\t\t\t\t\t\t<section class=\"elementor-section elementor-top-section elementor-element elementor-element-3c0033a elementor-section-boxed elementor-section-height-default elementor-section-height-default\" data-id=\"3c0033a\" data-element_type=\"section\">\n\t\t\t\t\t\t<div class=\"elementor-container elementor-column-gap-default\">\n\t\t\t\t\t<div class=\"elementor-column elementor-col-100 elementor-top-column elementor-element elementor-element-3b8060e\" data-id=\"3b8060e\" data-element_type=\"column\">\n\t\t\t<div class=\"elementor-widget-wrap elementor-element-populated\">\n\t\t\t\t\t\t\t\t<div class=\"elementor-element elementor-element-d03d521 elementor-widget elementor-widget-heading\" data-id=\"d03d521\" data-element_type=\"widget\" data-widget_type=\"heading.default\">\n\t\t\t\t<div class=\"elementor-widget-container\">\n\t\t\t<style>\/*! elementor - v3.5.6 - 28-02-2022 *\/\n.elementor-heading-title{padding:0;margin:0;line-height:1}.elementor-widget-heading .elementor-heading-title[class*=elementor-size-]>a{color:inherit;font-size:inherit;line-height:inherit}.elementor-widget-heading .elementor-heading-title.elementor-size-small{font-size:15px}.elementor-widget-heading .elementor-heading-title.elementor-size-medium{font-size:19px}.elementor-widget-heading .elementor-heading-title.elementor-size-large{font-size:29px}.elementor-widget-heading .elementor-heading-title.elementor-size-xl{font-size:39px}.elementor-widget-heading .elementor-heading-title.elementor-size-xxl{font-size:59px}<\/style><h4 class=\"elementor-heading-title elementor-size-default\">Conhe\u00e7a nosso novo Equipamento VMP 2.5<\/h4>\t\t<\/div>\n\t\t\t\t<\/div>\n\t\t\t\t\t<\/div>\n\t\t<\/div>\n\t\t\t\t\t\t\t<\/div>\n\t\t<\/section>\n\t\t\t\t<section class=\"elementor-section elementor-top-section elementor-element elementor-element-d022e5d elementor-section-boxed elementor-section-height-default elementor-section-height-default\" data-id=\"d022e5d\" data-element_type=\"section\">\n\t\t\t\t\t\t<div class=\"elementor-container elementor-column-gap-default\">\n\t\t\t\t\t<div class=\"elementor-column elementor-col-50 elementor-top-column elementor-element elementor-element-2823afb\" data-id=\"2823afb\" data-element_type=\"column\">\n\t\t\t<div class=\"elementor-widget-wrap elementor-element-populated\">\n\t\t\t\t\t\t\t\t<div class=\"elementor-element elementor-element-6fe1d4c elementor-widget elementor-widget-image\" data-id=\"6fe1d4c\" data-element_type=\"widget\" data-widget_type=\"image.default\">\n\t\t\t\t<div class=\"elementor-widget-container\">\n\t\t\t<style>\/*! elementor - v3.5.6 - 28-02-2022 *\/\n.elementor-widget-image{text-align:center}.elementor-widget-image a{display:inline-block}.elementor-widget-image a img[src$=\".svg\"]{width:48px}.elementor-widget-image img{vertical-align:middle;display:inline-block}<\/style>\t\t\t\t\t\t\t\t\t\t\t\t<img loading=\"lazy\" decoding=\"async\" width=\"1024\" height=\"768\" src=\"https:\/\/arivideoke.com.br\/2022\/wp-content\/uploads\/2023\/10\/videoke-vmp-2.5.jpg\" class=\"attachment-large size-large\" alt=\"\" srcset=\"https:\/\/arivideoke.com.br\/2022\/wp-content\/uploads\/2023\/10\/videoke-vmp-2.5.jpg 1024w, https:\/\/arivideoke.com.br\/2022\/wp-content\/uploads\/2023\/10\/videoke-vmp-2.5-300x225.jpg 300w, https:\/\/arivideoke.com.br\/2022\/wp-content\/uploads\/2023\/10\/videoke-vmp-2.5-768x576.jpg 768w\" sizes=\"auto, (max-width: 1024px) 100vw, 1024px\" \/>\t\t\t\t\t\t\t\t\t\t\t\t\t\t\t<\/div>\n\t\t\t\t<\/div>\n\t\t\t\t\t<\/div>\n\t\t<\/div>\n\t\t\t\t<div class=\"elementor-column elementor-col-50 elementor-top-column elementor-element elementor-element-7e0eb50\" data-id=\"7e0eb50\" data-element_type=\"column\">\n\t\t\t<div class=\"elementor-widget-wrap elementor-element-populated\">\n\t\t\t\t\t\t\t\t<div class=\"elementor-element elementor-element-2ccadc6 elementor-widget elementor-widget-image\" data-id=\"2ccadc6\" data-element_type=\"widget\" data-widget_type=\"image.default\">\n\t\t\t\t<div class=\"elementor-widget-container\">\n\t\t\t\t\t\t\t\t\t\t\t\t\t\t\t<img loading=\"lazy\" decoding=\"async\" width=\"768\" height=\"1024\" src=\"https:\/\/arivideoke.com.br\/2022\/wp-content\/uploads\/2023\/10\/equipamento-vmp-2.5-768x1024.jpg\" class=\"attachment-large size-large\" alt=\"\" srcset=\"https:\/\/arivideoke.com.br\/2022\/wp-content\/uploads\/2023\/10\/equipamento-vmp-2.5-768x1024.jpg 768w, https:\/\/arivideoke.com.br\/2022\/wp-content\/uploads\/2023\/10\/equipamento-vmp-2.5-225x300.jpg 225w, https:\/\/arivideoke.com.br\/2022\/wp-content\/uploads\/2023\/10\/equipamento-vmp-2.5-1152x1536.jpg 1152w, https:\/\/arivideoke.com.br\/2022\/wp-content\/uploads\/2023\/10\/equipamento-vmp-2.5-810x1080.jpg 810w, https:\/\/arivideoke.com.br\/2022\/wp-content\/uploads\/2023\/10\/equipamento-vmp-2.5.jpg 1200w\" sizes=\"auto, (max-width: 768px) 100vw, 768px\" \/>\t\t\t\t\t\t\t\t\t\t\t\t\t\t\t<\/div>\n\t\t\t\t<\/div>\n\t\t\t\t\t<\/div>\n\t\t<\/div>\n\t\t\t\t\t\t\t<\/div>\n\t\t<\/section>\n\t\t\t\t<section class=\"elementor-section elementor-top-section elementor-element elementor-element-412ee3 elementor-section-boxed elementor-section-height-default elementor-section-height-default\" data-id=\"412ee3\" data-element_type=\"section\">\n\t\t\t\t\t\t<div class=\"elementor-container elementor-column-gap-default\">\n\t\t\t\t\t<div class=\"elementor-column elementor-col-100 elementor-top-column elementor-element elementor-element-54a99893\" data-id=\"54a99893\" data-element_type=\"column\">\n\t\t\t<div class=\"elementor-widget-wrap elementor-element-populated\">\n\t\t\t\t\t\t\t\t<div class=\"elementor-element elementor-element-5326eb59 elementor-widget elementor-widget-text-editor\" data-id=\"5326eb59\" data-element_type=\"widget\" data-widget_type=\"text-editor.default\">\n\t\t\t\t<div class=\"elementor-widget-container\">\n\t\t\t<style>\/*! elementor - v3.5.6 - 28-02-2022 *\/\n.elementor-widget-text-editor.elementor-drop-cap-view-stacked .elementor-drop-cap{background-color:#818a91;color:#fff}.elementor-widget-text-editor.elementor-drop-cap-view-framed .elementor-drop-cap{color:#818a91;border:3px solid;background-color:transparent}.elementor-widget-text-editor:not(.elementor-drop-cap-view-default) .elementor-drop-cap{margin-top:8px}.elementor-widget-text-editor:not(.elementor-drop-cap-view-default) .elementor-drop-cap-letter{width:1em;height:1em}.elementor-widget-text-editor .elementor-drop-cap{float:left;text-align:center;line-height:1;font-size:50px}.elementor-widget-text-editor .elementor-drop-cap-letter{display:inline-block}<\/style>\t\t\t\t<p><!-- wp:paragraph --><\/p>\n<p>Nossos equipamentos de VIDEOKE s\u00e3o de \u00faltima gera\u00e7\u00e3o. Temos a melhor op\u00e7\u00e3o de custo\/benef\u00edcio para fazer a sua festa mais animada, oferecendo qualidade em equipamentos e servi\u00e7os. Videok\u00ea Profissional: trabalhamos somente com os melhores modelos profissionais, sempre com os melhores recursos e facilidade de opera\u00e7\u00e3o. Som Profissional : Dispomos de diversas configura\u00e7\u00f5es de som para oferecer-lhe a melhor solu\u00e7\u00e3o para a sua festa ou evento. Alugamos equipamentos de Karaok\u00ea com acervo completo e tamb\u00e9m Tel\u00f5es, TV, FUMA\u00c7A E LUZES.<\/p><p><br><\/p>\n<p><!-- \/wp:paragraph --><\/p>\n<p><!-- wp:kubio\/row {\"kubio\":{\"styleRef\":\"Yrg9UPmSI3\",\"id\":\"JGLF7kdz7d\",\"props\":{\"layout\":{\"equalHeight\":true,\"equalWidth\":false}}}} --><br>\n<!-- wp:kubio\/column {\"kubio\":{\"styleRef\":\"rHf05cYZw\",\"id\":\"pWRnTgX5jB\",\"_style\":{\"descendants\":{\"container\":{\"columnWidth\":{\"type\":\"custom\",\"custom\":{\"value\":50,\"unit\":\"%\"}},\"media\":{\"mobile\":{\"columnWidth\":{\"type\":\"custom\",\"custom\":{\"value\":100,\"unit\":\"%\"}}}}}}}}} --><br>\n<!-- wp:image {\"id\":86,\"width\":358,\"height\":319,\"sizeSlug\":\"full\",\"linkDestination\":\"none\"} --><\/p>\n<figure class=\"wp-block-image size-full is-resized\"><img loading=\"lazy\" decoding=\"async\" src=\"https:\/\/arivideoke.com.br\/2022\/wp-content\/uploads\/2022\/03\/alugar-videoke-1.jpg\" alt=\"\" class=\"wp-image-86\" width=\"358\" height=\"319\"><\/figure>\n<p><!-- \/wp:image --><br>\n<!-- \/wp:kubio\/column --><\/p>\n<p><!-- wp:kubio\/column {\"kubio\":{\"styleRef\":\"_wGcCDwYd0\",\"id\":\"SGBwYu23jF\",\"_style\":{\"descendants\":{\"container\":{\"columnWidth\":{\"type\":\"custom\",\"custom\":{\"value\":50,\"unit\":\"%\"}},\"media\":{\"mobile\":{\"columnWidth\":{\"type\":\"custom\",\"custom\":{\"value\":100,\"unit\":\"%\"}}}}}}}}} --><br>\n<!-- wp:heading --><\/p>\n<h2>Videok\u00ea Modelo VSK 2.0<\/h2>\n<p><!-- \/wp:heading --><\/p>\n<p><!-- wp:paragraph --><\/p>\n<p>Todos 02 microfones sem fio, 11593 m\u00fasicas com todos os \u00faltimos lan\u00e7amentos<\/p>\n<p><!-- \/wp:paragraph --><br>\n<!-- \/wp:kubio\/column --><br>\n<!-- \/wp:kubio\/row --><\/p>\n<p><!-- wp:kubio\/row {\"kubio\":{\"styleRef\":\"dfWwuq6nPO\",\"id\":\"h9g8WYq5Yh\",\"props\":{\"layout\":{\"equalHeight\":true,\"equalWidth\":false}},\"hash\":\"P6r-YqYe3-\"}} --><br>\n<!-- wp:kubio\/column {\"kubio\":{\"styleRef\":\"g3R0PgeuVn\",\"id\":\"BYl11Cq-IY\",\"_style\":{\"descendants\":{\"container\":{\"columnWidth\":{\"type\":\"custom\",\"custom\":{\"value\":50,\"unit\":\"%\"}},\"media\":{\"mobile\":{\"columnWidth\":{\"type\":\"custom\",\"custom\":{\"value\":100,\"unit\":\"%\"}}}}}}},\"hash\":\"MtssDBeMCt\"}} --><br>\n<!-- wp:kubio\/image {\"kubio\":{\"id\":\"4QtLkee4hf\",\"styleRef\":\"8xrCcsvdU\",\"hash\":\"4426d0a0\"},\"link\":{\"typeOpenLink\":\"sameWindow\"},\"url\":\"https:\/\/arivideoke.com.br\/2022\/wp-content\/uploads\/2022\/03\/alugar-videoke-sp.jpg\",\"id\":87,\"sizeSlug\":\"full\"} \/--><br>\n<!-- \/wp:kubio\/column --><\/p>\n<p><!-- wp:kubio\/column {\"kubio\":{\"styleRef\":\"q8CbTgqXvV\",\"id\":\"SJgr9H4V59\",\"_style\":{\"descendants\":{\"container\":{\"columnWidth\":{\"type\":\"custom\",\"custom\":{\"value\":50,\"unit\":\"%\"}},\"media\":{\"mobile\":{\"columnWidth\":{\"type\":\"custom\",\"custom\":{\"value\":100,\"unit\":\"%\"}}}}}}},\"hash\":\"S4hrdokjkB\"}} --><br>\n<!-- wp:heading --><\/p>\n<h2>Videok\u00ea Top de linha Modelo VSK 3.0<\/h2>\n<p><!-- \/wp:heading --><\/p>\n<p><!-- wp:paragraph --><\/p>\n<p>Todos 02 microfones sem fio, 11593 m\u00fasicas com todos os \u00faltimos lan\u00e7amentos<\/p>\n<p><!-- \/wp:paragraph --><br>\n<!-- \/wp:kubio\/column --><br>\n<!-- \/wp:kubio\/row --><\/p>\n<p><!-- wp:kubio\/row {\"kubio\":{\"styleRef\":\"5UE2YqOt2A\",\"id\":\"m1SnHBXvd3\",\"props\":{\"layout\":{\"equalHeight\":true,\"equalWidth\":false}},\"hash\":\"HNEC7AM0VW\"}} --><br>\n<!-- wp:kubio\/column {\"kubio\":{\"styleRef\":\"dxjXB3cKCI\",\"id\":\"dsar8gRTka\",\"_style\":{\"descendants\":{\"container\":{\"columnWidth\":{\"type\":\"custom\",\"custom\":{\"value\":50,\"unit\":\"%\"}},\"media\":{\"mobile\":{\"columnWidth\":{\"type\":\"custom\",\"custom\":{\"value\":100,\"unit\":\"%\"}}}}}}},\"hash\":\"uQVLsc8kHH\"}} --><br>\n<!-- wp:kubio\/image {\"kubio\":{\"id\":\"zrukvmiBa6\",\"styleRef\":\"rMetuUXYs\",\"hash\":\"9cba990e\",\"style\":{\"descendants\":{\"image\":{\"maxWidth\":{\"value\":500,\"unit\":\"px\"},\"maxHeight\":{\"value\":500,\"unit\":\"px\"}},\"frameContainer\":{\"maxWidth\":{\"value\":500,\"unit\":\"px\"},\"maxHeight\":{\"value\":500,\"unit\":\"px\"}}}}},\"link\":{\"typeOpenLink\":\"sameWindow\"},\"url\":\"https:\/\/arivideoke.com.br\/2022\/wp-content\/uploads\/2022\/03\/locacao-videoke-pro-950.jpg\",\"id\":88,\"sizeSlug\":\"full\"} \/--><br>\n<!-- \/wp:kubio\/column --><\/p>\n<p><!-- wp:kubio\/column {\"kubio\":{\"styleRef\":\"SjtheOy0X3\",\"id\":\"gf5jNpd9p8\",\"_style\":{\"descendants\":{\"container\":{\"columnWidth\":{\"type\":\"custom\",\"custom\":{\"value\":50,\"unit\":\"%\"}},\"media\":{\"mobile\":{\"columnWidth\":{\"type\":\"custom\",\"custom\":{\"value\":100,\"unit\":\"%\"}}}}}}},\"hash\":\"oGAgUMKcQ5\"}} --><br>\n<!-- wp:heading --><\/p>\n<h2>Videok\u00ea Pro 950 Sistema Digital Show<\/h2>\n<p><!-- \/wp:heading --><\/p>\n<p><!-- wp:paragraph --><\/p>\n<p>Todos acompanham dois microfones.<br>11593 m\u00fasicas atualizadas at\u00e9 o pacote 30 ( \u00fatlima vers\u00e3o)<\/p>\n<p><!-- \/wp:paragraph --><br>\n<!-- \/wp:kubio\/column --><br>\n<!-- \/wp:kubio\/row --><\/p>\n<p><!-- wp:kubio\/row {\"kubio\":{\"styleRef\":\"y-vABhrK8e\",\"id\":\"x8nKhTDIgX\",\"props\":{\"layout\":{\"equalHeight\":true,\"equalWidth\":false}},\"hash\":\"6c4jp5PLrK\"}} --><br>\n<!-- wp:kubio\/column {\"kubio\":{\"styleRef\":\"tJzlTlsFnK\",\"id\":\"0-l5341LYO\",\"_style\":{\"descendants\":{\"container\":{\"columnWidth\":{\"type\":\"custom\",\"custom\":{\"value\":50,\"unit\":\"%\"}},\"media\":{\"mobile\":{\"columnWidth\":{\"type\":\"custom\",\"custom\":{\"value\":100,\"unit\":\"%\"}}}}}}},\"hash\":\"zl2rLaEgAt\"}} --><br>\n<!-- wp:kubio\/image {\"kubio\":{\"id\":\"_yFf32Cmrx\",\"styleRef\":\"8b3k11ymO\",\"hash\":\"579b42ed\"},\"link\":{\"typeOpenLink\":\"sameWindow\"},\"url\":\"https:\/\/arivideoke.com.br\/2022\/wp-content\/uploads\/2022\/03\/aluguel-videoke.jpg\",\"id\":89,\"sizeSlug\":\"full\"} \/--><br>\n<!-- \/wp:kubio\/column --><\/p>\n<p><!-- wp:kubio\/column {\"kubio\":{\"styleRef\":\"HK-YqUO-l0\",\"id\":\"B_si6Tb-ZY\",\"_style\":{\"descendants\":{\"container\":{\"columnWidth\":{\"type\":\"custom\",\"custom\":{\"value\":50,\"unit\":\"%\"}},\"media\":{\"mobile\":{\"columnWidth\":{\"type\":\"custom\",\"custom\":{\"value\":100,\"unit\":\"%\"}}}}}}},\"hash\":\"VDtQ_hA-tr\"}} --><br>\n<!-- wp:heading --><\/p>\n<h2>Modelo VSK 1.0<\/h2>\n<p><!-- \/wp:heading --><\/p>\n<p><!-- wp:paragraph --><\/p>\n<p>11593 m\u00fasicas atualizadas.<\/p>\n<p><!-- \/wp:paragraph --><br>\n<!-- \/wp:kubio\/column --><br>\n<!-- \/wp:kubio\/row --><\/p>\n<p><!-- wp:kubio\/row {\"kubio\":{\"styleRef\":\"au24xkoqXx\",\"id\":\"KaHykeMAA6\",\"props\":{\"layout\":{\"equalHeight\":true,\"equalWidth\":false}},\"hash\":\"kDUlcE_fLD\"}} --><br>\n<!-- wp:kubio\/column {\"kubio\":{\"styleRef\":\"45xJF43hzO\",\"id\":\"Q9Vxjaq1By\",\"_style\":{\"descendants\":{\"container\":{\"columnWidth\":{\"type\":\"custom\",\"custom\":{\"value\":50,\"unit\":\"%\"}},\"media\":{\"mobile\":{\"columnWidth\":{\"type\":\"custom\",\"custom\":{\"value\":100,\"unit\":\"%\"}}}}}}},\"hash\":\"qOwwvsfHsQ\"}} --><br>\n<!-- wp:kubio\/image {\"kubio\":{\"id\":\"WZq5WpoJRY\",\"styleRef\":\"gbydRLKZb\",\"hash\":\"081d1c53\"},\"link\":{\"typeOpenLink\":\"sameWindow\"},\"url\":\"https:\/\/arivideoke.com.br\/2022\/wp-content\/uploads\/2022\/03\/3700.jpg\",\"id\":90,\"sizeSlug\":\"full\"} \/--><br>\n<!-- \/wp:kubio\/column --><\/p>\n<p><!-- wp:kubio\/column {\"kubio\":{\"styleRef\":\"k_uzxmczrb\",\"id\":\"IPGT0fUp0s\",\"_style\":{\"descendants\":{\"container\":{\"columnWidth\":{\"type\":\"custom\",\"custom\":{\"value\":50,\"unit\":\"%\"}},\"media\":{\"mobile\":{\"columnWidth\":{\"type\":\"custom\",\"custom\":{\"value\":100,\"unit\":\"%\"}}}}}}},\"hash\":\"ng9HCC4Bdk\"}} --><br>\n<!-- wp:heading --><\/p>\n<h2>Videok\u00ea VSK<\/h2>\n<p><!-- \/wp:heading --><\/p>\n<p><!-- wp:paragraph --><\/p>\n<p>Controle integrado no microfone.<\/p>\n<p><!-- \/wp:paragraph --><br>\n<!-- \/wp:kubio\/column --><br>\n<!-- \/wp:kubio\/row --><\/p>\n<p><!-- wp:heading --><\/p>\n<h2>Luzes, Fuma\u00e7a, Strobo e outros.<\/h2>\n<p><!-- \/wp:heading --><\/p>\n<p><!-- wp:image {\"id\":94,\"sizeSlug\":\"full\",\"linkDestination\":\"none\"} --><\/p>\n<figure class=\"wp-block-image size-full\"><img loading=\"lazy\" decoding=\"async\" width=\"1000\" height=\"1000\" src=\"https:\/\/arivideoke.com.br\/2022\/wp-content\/uploads\/2022\/03\/fluido_para_maquina_de_fumaca_smoke_disco_dj_usa_liquids_5_litros_5741_2_2496fbed25423c308bef674799dbe153.webp\" alt=\"\" class=\"wp-image-94\" srcset=\"https:\/\/arivideoke.com.br\/2022\/wp-content\/uploads\/2022\/03\/fluido_para_maquina_de_fumaca_smoke_disco_dj_usa_liquids_5_litros_5741_2_2496fbed25423c308bef674799dbe153.webp 1000w, https:\/\/arivideoke.com.br\/2022\/wp-content\/uploads\/2022\/03\/fluido_para_maquina_de_fumaca_smoke_disco_dj_usa_liquids_5_litros_5741_2_2496fbed25423c308bef674799dbe153-300x300.webp 300w, https:\/\/arivideoke.com.br\/2022\/wp-content\/uploads\/2022\/03\/fluido_para_maquina_de_fumaca_smoke_disco_dj_usa_liquids_5_litros_5741_2_2496fbed25423c308bef674799dbe153-150x150.webp 150w, https:\/\/arivideoke.com.br\/2022\/wp-content\/uploads\/2022\/03\/fluido_para_maquina_de_fumaca_smoke_disco_dj_usa_liquids_5_litros_5741_2_2496fbed25423c308bef674799dbe153-768x768.webp 768w\" sizes=\"auto, (max-width: 1000px) 100vw, 1000px\" \/><\/figure>\n<p><!-- \/wp:image --><\/p>\n<p><!-- wp:paragraph --><\/p>\n<p>S\u00e3o tantos os detalhes na hora de preparar uma festa de formatura que, \u00e0s vezes, deixamos de dar a devida aten\u00e7\u00e3o a cada um deles. A ilumina\u00e7\u00e3o \u00e9 um detalhe que n\u00e3o podem passar batido de jeito nenhum!<\/p>\n<p><!-- \/wp:paragraph --><\/p>\n<p><!-- wp:paragraph --><\/p>\n<p>Abaixo listamos alguns pontos de destaque que a ilumina\u00e7\u00e3o faz para decora\u00e7\u00e3o da sua festa.<\/p>\n<p><!-- \/wp:paragraph --><\/p>\n<p><!-- wp:list --><\/p>\n<ul>\n<li>Valoriza o ambiente: uma ilumina\u00e7\u00e3o bem planejada destaca ainda mais o que cada ambiente tem de melhor.<\/li>\n<li>Proporciona o clima desejado: Voc\u00ea prefere uma festa mais calma e delicada ou agitada e vibrante? Seja qual for a sua escolha, pode contar com um bom jogo de luzes e m\u00e1quina de fuma\u00e7a para ambientar o local escolhido para a comemora\u00e7\u00e3o.<\/li>\n<li>Comp\u00f5e a decora\u00e7\u00e3o: a ilumina\u00e7\u00e3o, quando utilizada da forma correta, destaca os pontos fortes da decora\u00e7\u00e3o, fazendo com que ela fique muito mais bonita.<\/li>\n<li>Favorece as fotos: al\u00e9m de deixar o plano de fundo das fotos mais charmoso, as luzes tamb\u00e9m interferem diretamente na qualidade das imagens.<\/li>\n<\/ul>\n<p><!-- \/wp:list --><\/p>\n<p><!-- wp:kubio\/image {\"kubio\":{\"id\":\"c3_kVMCp6J\",\"styleRef\":\"nWEzExyLr\",\"hash\":\"161ce538\"},\"link\":{\"typeOpenLink\":\"sameWindow\"},\"url\":\"https:\/\/arivideoke.com.br\/2022\/wp-content\/uploads\/2022\/03\/festa.png\",\"id\":95,\"sizeSlug\":\"full\"} \/--><\/p>\n<p><!-- wp:paragraph --><\/p>\n<p>Viu s\u00f3 como a ilumina\u00e7\u00e3o faz toda a diferen\u00e7a? Ent\u00e3o n\u00e3o deixe de planejar esse detalhe t\u00e3o importante e tenha uma festa iluminada como esse dia deve ser! Consulte-nos sobre nossos equipamentos!<\/p>\n<p><!-- \/wp:paragraph --><\/p>\t\t\t\t\t\t<\/div>\n\t\t\t\t<\/div>\n\t\t\t\t\t<\/div>\n\t\t<\/div>\n\t\t\t\t\t\t\t<\/div>\n\t\t<\/section>\n\t\t\t\t\t\t<\/div>\n\t\t\t\t\t<\/div>\n\t\t","protected":false},"excerpt":{"rendered":"<p>Conhe\u00e7a nosso novo Equipamento VMP 2.5 Nossos equipamentos de VIDEOKE s\u00e3o de \u00faltima gera\u00e7\u00e3o. Temos a melhor op\u00e7\u00e3o de custo\/benef\u00edcio para fazer a sua festa mais animada, oferecendo qualidade em equipamentos e servi\u00e7os. Videok\u00ea Profissional: trabalhamos somente com os melhores modelos profissionais, sempre com os melhores recursos e facilidade de opera\u00e7\u00e3o. Som Profissional : Dispomos [&hellip;]<\/p>\n","protected":false},"author":1,"featured_media":0,"parent":0,"menu_order":0,"comment_status":"closed","ping_status":"closed","template":"","meta":{"saved_in_kubio":false,"footnotes":""},"class_list":["post-85","page","type-page","status-publish","hentry"],"_links":{"self":[{"href":"https:\/\/arivideoke.com.br\/2022\/wp-json\/wp\/v2\/pages\/85","targetHints":{"allow":["GET"]}}],"collection":[{"href":"https:\/\/arivideoke.com.br\/2022\/wp-json\/wp\/v2\/pages"}],"about":[{"href":"https:\/\/arivideoke.com.br\/2022\/wp-json\/wp\/v2\/types\/page"}],"author":[{"embeddable":true,"href":"https:\/\/arivideoke.com.br\/2022\/wp-json\/wp\/v2\/users\/1"}],"replies":[{"embeddable":true,"href":"https:\/\/arivideoke.com.br\/2022\/wp-json\/wp\/v2\/comments?post=85"}],"version-history":[{"count":6,"href":"https:\/\/arivideoke.com.br\/2022\/wp-json\/wp\/v2\/pages\/85\/revisions"}],"predecessor-version":[{"id":183,"href":"https:\/\/arivideoke.com.br\/2022\/wp-json\/wp\/v2\/pages\/85\/revisions\/183"}],"wp:attachment":[{"href":"https:\/\/arivideoke.com.br\/2022\/wp-json\/wp\/v2\/media?parent=85"}],"curies":[{"name":"wp","href":"https:\/\/api.w.org\/{rel}","templated":true}]}}