{"id":2,"date":"2022-03-01T17:40:48","date_gmt":"2022-03-01T17:40:48","guid":{"rendered":"https:\/\/arivideoke.com.br\/2022\/?page_id=2"},"modified":"2022-04-07T13:10:38","modified_gmt":"2022-04-07T13:10:38","slug":"ari-videoke","status":"publish","type":"page","link":"https:\/\/arivideoke.com.br\/2022\/ari-videoke\/","title":{"rendered":"&#8220;Vamos comemorar a vida cantando \u201cAri Videok\u00ea , firme e forte e com voc\u00ea!"},"content":{"rendered":"\n<p><strong>&#8220;Vamos comemorar a vida cantando \u201c Ari Videok\u00ea , firme e forte e com voc\u00ea!<\/strong><\/p>\n\n\n\n<p>A Ari Videoke est\u00e1 a<strong>\u00a0mais de 20 anos<\/strong>, fazendo hist\u00f3ria. Atendemos desde pequenas festas \u00e0 mega eventos com capacidade, estrutura e equipamentos de primeira linha para Loca\u00e7\u00e3o de Videoke. Nenhum outro entretenimento \u00e9 capaz de reunir pessoas das mais diferentes idades. \u00c9 divers\u00e3o para todo mundo!!<\/p>\n\n\n\n<h2 class=\"wp-block-heading\">Mais de 11593 M\u00fasicas!<\/h2>\n\n\n\n<p>Dispomos dos<strong>&nbsp;equipamentos para videoke<\/strong>&nbsp;modernos e atualizados do mercado, contando com um repert\u00f3rio de mais de 11593 m\u00fasicas, incluindo o \u00faltimo lan\u00e7amento CARTUCHO 31 !!!Todos os estilos musicais: Americanas, Espanholas, Italianas, Rock Internacional e Nacional, Mpb, Pagode, Ax\u00e9, Funk, Sertanejo, Evang\u00e9licas, Gospel e entre outros. Mais de 9700 M\u00fasicas !!!<\/p>\n\n\n\n<figure class=\"wp-block-image size-large\"><img loading=\"lazy\" decoding=\"async\" width=\"1024\" height=\"768\" src=\"https:\/\/arivideoke.com.br\/2022\/wp-content\/uploads\/2022\/03\/WhatsApp-Image-2022-03-08-at-18.23.07-1024x768.jpeg\" alt=\"\" class=\"wp-image-76\" srcset=\"https:\/\/arivideoke.com.br\/2022\/wp-content\/uploads\/2022\/03\/WhatsApp-Image-2022-03-08-at-18.23.07-1024x768.jpeg 1024w, https:\/\/arivideoke.com.br\/2022\/wp-content\/uploads\/2022\/03\/WhatsApp-Image-2022-03-08-at-18.23.07-300x225.jpeg 300w, https:\/\/arivideoke.com.br\/2022\/wp-content\/uploads\/2022\/03\/WhatsApp-Image-2022-03-08-at-18.23.07-768x576.jpeg 768w, https:\/\/arivideoke.com.br\/2022\/wp-content\/uploads\/2022\/03\/WhatsApp-Image-2022-03-08-at-18.23.07-1536x1152.jpeg 1536w, https:\/\/arivideoke.com.br\/2022\/wp-content\/uploads\/2022\/03\/WhatsApp-Image-2022-03-08-at-18.23.07-1440x1080.jpeg 1440w, https:\/\/arivideoke.com.br\/2022\/wp-content\/uploads\/2022\/03\/WhatsApp-Image-2022-03-08-at-18.23.07.jpeg 1600w\" sizes=\"auto, (max-width: 1024px) 100vw, 1024px\" \/><\/figure>\n\n\n\n<p><\/p>\n\n\n\n<h2 class=\"wp-block-heading\">Equipamentos de Videok\u00ea<\/h2>\n\n\n\n<p>Nossos equipamentos para loca\u00e7\u00e3o de videoke s\u00e3o de \u00faltima gera\u00e7\u00e3o. Temos a melhor op\u00e7\u00e3o de custo\/benef\u00edcio para fazer a sua festa mais animada, oferecendo qualidade em equipamentos e servi\u00e7os. Videok\u00ea Profissional: trabalhamos somente com os melhores modelos profissionais, sempre com os melhores recursos e facilidade de opera\u00e7\u00e3o. Som Profissional : Dispomos de diversas configura\u00e7\u00f5es de som para oferecer-lhe a melhor solu\u00e7\u00e3o para a sua festa ou evento. Alugamos equipamentos de Karaok\u00ea com acervo completo.<\/p>\n\n\n\n<figure class=\"wp-block-image size-large\"><img loading=\"lazy\" decoding=\"async\" width=\"768\" height=\"1024\" src=\"https:\/\/arivideoke.com.br\/2022\/wp-content\/uploads\/2022\/03\/WhatsApp-Image-2022-03-08-at-18.19.35-768x1024.jpeg\" alt=\"\" class=\"wp-image-77\" srcset=\"https:\/\/arivideoke.com.br\/2022\/wp-content\/uploads\/2022\/03\/WhatsApp-Image-2022-03-08-at-18.19.35-768x1024.jpeg 768w, https:\/\/arivideoke.com.br\/2022\/wp-content\/uploads\/2022\/03\/WhatsApp-Image-2022-03-08-at-18.19.35-225x300.jpeg 225w, https:\/\/arivideoke.com.br\/2022\/wp-content\/uploads\/2022\/03\/WhatsApp-Image-2022-03-08-at-18.19.35-1152x1536.jpeg 1152w, https:\/\/arivideoke.com.br\/2022\/wp-content\/uploads\/2022\/03\/WhatsApp-Image-2022-03-08-at-18.19.35-810x1080.jpeg 810w, https:\/\/arivideoke.com.br\/2022\/wp-content\/uploads\/2022\/03\/WhatsApp-Image-2022-03-08-at-18.19.35.jpeg 1200w\" sizes=\"auto, (max-width: 768px) 100vw, 768px\" \/><\/figure>\n\n\n\n<h2 class=\"wp-block-heading\">Conhe\u00e7a o aparelho pioneiro, o in\u00edcio de tudo&#8230;<\/h2>\n\n\n\n<figure class=\"wp-block-image size-full is-resized\"><img loading=\"lazy\" decoding=\"async\" src=\"https:\/\/arivideoke.com.br\/2022\/wp-content\/uploads\/2022\/03\/locacao4.jpg\" alt=\"\" class=\"wp-image-74\" width=\"567\" height=\"506\"\/><\/figure>\n\n\n\n<blockquote class=\"wp-block-quote is-layout-flow wp-block-quote-is-layout-flow\"><p>Na hist\u00f3ria do videoke s\u00e3o mais de 20 anos do lan\u00e7amento deste aparelho. O que mudou o modo da divers\u00e3o em festas e eventos e possibilitou n\u00e3o somente a divers\u00e3o, mas em fazer um pouco da realiza\u00e7\u00e3o de quem ama cantar e interpretar.<\/p><\/blockquote>\n\n\n\n<p><\/p>\n\n\n\n<blockquote class=\"wp-block-quote is-layout-flow wp-block-quote-is-layout-flow\"><p>Nossa Miss\u00e3o \u00e9 sempre aprimorar seus produtos para proporcionar o que h\u00e1 de melhor a seus clientes, estamos sempre comprometidos e atualizados para essa miss\u00e3o.<\/p><\/blockquote>\n\n\n\n<p>Nossa dedica\u00e7\u00e3o se destaca nesse mercado, e vamos sempre continuar buscando qualidade e excel\u00eancia dos nossos produtos e servi\u00e7os. DIVIRTA-SE.<\/p>\n","protected":false},"excerpt":{"rendered":"<p>&#8220;Vamos comemorar a vida cantando \u201c Ari Videok\u00ea , firme e forte e com voc\u00ea! A Ari Videoke est\u00e1 a\u00a0mais de 20 anos, fazendo hist\u00f3ria. Atendemos desde pequenas festas \u00e0 mega eventos com capacidade, estrutura e equipamentos de primeira linha para Loca\u00e7\u00e3o de Videoke. Nenhum outro entretenimento \u00e9 capaz de reunir pessoas das mais diferentes [&hellip;]<\/p>\n","protected":false},"author":1,"featured_media":0,"parent":0,"menu_order":0,"comment_status":"closed","ping_status":"open","template":"","meta":{"saved_in_kubio":false,"footnotes":""},"class_list":["post-2","page","type-page","status-publish","hentry"],"_links":{"self":[{"href":"https:\/\/arivideoke.com.br\/2022\/wp-json\/wp\/v2\/pages\/2","targetHints":{"allow":["GET"]}}],"collection":[{"href":"https:\/\/arivideoke.com.br\/2022\/wp-json\/wp\/v2\/pages"}],"about":[{"href":"https:\/\/arivideoke.com.br\/2022\/wp-json\/wp\/v2\/types\/page"}],"author":[{"embeddable":true,"href":"https:\/\/arivideoke.com.br\/2022\/wp-json\/wp\/v2\/users\/1"}],"replies":[{"embeddable":true,"href":"https:\/\/arivideoke.com.br\/2022\/wp-json\/wp\/v2\/comments?post=2"}],"version-history":[{"count":3,"href":"https:\/\/arivideoke.com.br\/2022\/wp-json\/wp\/v2\/pages\/2\/revisions"}],"predecessor-version":[{"id":145,"href":"https:\/\/arivideoke.com.br\/2022\/wp-json\/wp\/v2\/pages\/2\/revisions\/145"}],"wp:attachment":[{"href":"https:\/\/arivideoke.com.br\/2022\/wp-json\/wp\/v2\/media?parent=2"}],"curies":[{"name":"wp","href":"https:\/\/api.w.org\/{rel}","templated":true}]}}